{"id":110,"date":"2021-03-08T15:02:15","date_gmt":"2021-03-08T14:02:15","guid":{"rendered":"https:\/\/catedragemtec.umh.es\/?page_id=110"},"modified":"2022-05-06T09:07:41","modified_gmt":"2022-05-06T07:07:41","slug":"webinar-quique-dacosta-perspectivas-de-la-restauracion-en-la-situacion-sanitari-actual-de-pandemia-por-covid-19","status":"publish","type":"page","link":"https:\/\/catedragemtec.umh.es\/en\/ambitos-de-la-catedra\/actividades-jornadas-reuniones\/webinar-quique-dacosta-perspectivas-de-la-restauracion-en-la-situacion-sanitari-actual-de-pandemia-por-covid-19\/","title":{"rendered":"<span lang=\"es\">(Espa\u00f1ol) Webinar Quique Dacosta: &#8220;Perspectivas de la Restauraci\u00f3n en la situaci\u00f3n sanitaria actual de Pandemia por COVID-19&#8243;<\/span>"},"content":{"rendered":"<p class=\"qtranxs-available-languages-message qtranxs-available-languages-message-en\">Sorry, this entry is only available in <a href=\"https:\/\/catedragemtec.umh.es\/es\/wp-json\/wp\/v2\/pages\/110\" class=\"qtranxs-available-language-link qtranxs-available-language-link-es\" title=\"Espa\u00f1ol\">European Spanish<\/a>.<\/p>","protected":false},"excerpt":{"rendered":"<p>Sorry, this entry is only available in European Spanish.<\/p>\n","protected":false},"author":126,"featured_media":0,"parent":48,"menu_order":0,"comment_status":"closed","ping_status":"closed","template":"","meta":{"_links_to":"","_links_to_target":""},"_links":{"self":[{"href":"https:\/\/catedragemtec.umh.es\/en\/wp-json\/wp\/v2\/pages\/110"}],"collection":[{"href":"https:\/\/catedragemtec.umh.es\/en\/wp-json\/wp\/v2\/pages"}],"about":[{"href":"https:\/\/catedragemtec.umh.es\/en\/wp-json\/wp\/v2\/types\/page"}],"author":[{"embeddable":true,"href":"https:\/\/catedragemtec.umh.es\/en\/wp-json\/wp\/v2\/users\/126"}],"replies":[{"embeddable":true,"href":"https:\/\/catedragemtec.umh.es\/en\/wp-json\/wp\/v2\/comments?post=110"}],"version-history":[{"count":0,"href":"https:\/\/catedragemtec.umh.es\/en\/wp-json\/wp\/v2\/pages\/110\/revisions"}],"up":[{"embeddable":true,"href":"https:\/\/catedragemtec.umh.es\/en\/wp-json\/wp\/v2\/pages\/48"}],"wp:attachment":[{"href":"https:\/\/catedragemtec.umh.es\/en\/wp-json\/wp\/v2\/media?parent=110"}],"curies":[{"name":"wp","href":"https:\/\/api.w.org\/{rel}","templated":true}]}}