{"id":41,"date":"2021-01-19T18:05:53","date_gmt":"2021-01-19T17:05:53","guid":{"rendered":"https:\/\/catedragemtec.umh.es\/?page_id=41"},"modified":"2021-01-19T18:05:53","modified_gmt":"2021-01-19T17:05:53","slug":"ambitos-de-la-catedra","status":"publish","type":"page","link":"https:\/\/catedragemtec.umh.es\/en\/ambitos-de-la-catedra\/","title":{"rendered":"<span lang=\"es\">(Espa\u00f1ol) \u00c1mbitos de la C\u00e1tedra<\/span>"},"content":{"rendered":"","protected":false},"excerpt":{"rendered":"","protected":false},"author":126,"featured_media":0,"parent":0,"menu_order":0,"comment_status":"closed","ping_status":"closed","template":"","meta":{"_links_to":"","_links_to_target":""},"_links":{"self":[{"href":"https:\/\/catedragemtec.umh.es\/en\/wp-json\/wp\/v2\/pages\/41"}],"collection":[{"href":"https:\/\/catedragemtec.umh.es\/en\/wp-json\/wp\/v2\/pages"}],"about":[{"href":"https:\/\/catedragemtec.umh.es\/en\/wp-json\/wp\/v2\/types\/page"}],"author":[{"embeddable":true,"href":"https:\/\/catedragemtec.umh.es\/en\/wp-json\/wp\/v2\/users\/126"}],"replies":[{"embeddable":true,"href":"https:\/\/catedragemtec.umh.es\/en\/wp-json\/wp\/v2\/comments?post=41"}],"version-history":[{"count":0,"href":"https:\/\/catedragemtec.umh.es\/en\/wp-json\/wp\/v2\/pages\/41\/revisions"}],"wp:attachment":[{"href":"https:\/\/catedragemtec.umh.es\/en\/wp-json\/wp\/v2\/media?parent=41"}],"curies":[{"name":"wp","href":"https:\/\/api.w.org\/{rel}","templated":true}]}}